{"id":17,"date":"2025-12-01T16:06:55","date_gmt":"2025-12-01T16:06:55","guid":{"rendered":"http:\/\/baertsch-soehne.ch\/?page_id=17"},"modified":"2026-04-17T08:17:50","modified_gmt":"2026-04-17T08:17:50","slug":"home","status":"publish","type":"page","link":"https:\/\/baertsch-soehne.ch\/","title":{"rendered":"Home"},"content":{"rendered":"\t\t<div data-elementor-type=\"wp-page\" data-elementor-id=\"17\" class=\"elementor elementor-17\" data-elementor-post-type=\"page\">\n\t\t\t\t<div class=\"elementor-element elementor-element-a8760bc e-con-full e-flex magic-button-disabled-no e-con e-parent\" data-id=\"a8760bc\" data-element_type=\"container\" data-e-type=\"container\" data-settings=\"{&quot;background_background&quot;:&quot;classic&quot;}\">\n\t\t<div class=\"elementor-element elementor-element-406e2a2 e-con-full e-flex magic-button-disabled-no e-con e-child\" data-id=\"406e2a2\" data-element_type=\"container\" data-e-type=\"container\">\n\t\t\t\t<div class=\"elementor-element elementor-element-4888619 elementor-widget elementor-widget-heading\" data-id=\"4888619\" data-element_type=\"widget\" data-e-type=\"widget\" data-widget_type=\"heading.default\">\n\t\t\t\t\t<h6 class=\"elementor-heading-title elementor-size-default\">BODENBEL\u00c4GE &amp; INNENDEKORATION<\/h6>\t\t\t\t<\/div>\n\t\t\t\t<div class=\"elementor-element elementor-element-317e21f elementor-widget elementor-widget-heading\" data-id=\"317e21f\" data-element_type=\"widget\" data-e-type=\"widget\" data-widget_type=\"heading.default\">\n\t\t\t\t\t<h1 class=\"elementor-heading-title elementor-size-default\">NACHHALTIG &amp; STILVOLL.<\/h1>\t\t\t\t<\/div>\n\t\t\t\t<\/div>\n\t\t\t\t<\/div>\n\t\t<div class=\"elementor-element elementor-element-1c0c085 e-flex e-con-boxed magic-button-disabled-no e-con e-parent\" data-id=\"1c0c085\" data-element_type=\"container\" data-e-type=\"container\" data-settings=\"{&quot;background_background&quot;:&quot;classic&quot;}\">\n\t\t\t\t\t<div class=\"e-con-inner\">\n\t\t\t\t<div class=\"elementor-element elementor-element-aaf9b1f elementor-widget elementor-widget-image\" data-id=\"aaf9b1f\" data-element_type=\"widget\" data-e-type=\"widget\" data-widget_type=\"image.default\">\n\t\t\t\t\t\t\t\t\t\t\t\t\t\t\t<img decoding=\"async\" width=\"150\" height=\"100\" src=\"https:\/\/baertsch-soehne.ch\/wp-content\/uploads\/2025\/12\/Logo-BaertschSoehne-BS.svg\" class=\"attachment-medium size-medium wp-image-46\" alt=\"\" \/>\t\t\t\t\t\t\t\t\t\t\t\t\t\t\t<\/div>\n\t\t\t\t<div class=\"elementor-element elementor-element-c675c9c elementor-widget elementor-widget-text-editor\" data-id=\"c675c9c\" data-element_type=\"widget\" data-e-type=\"widget\" data-widget_type=\"text-editor.default\">\n\t\t\t\t\t\t\t\t\t<p>Gemeinsam gestalten wir Wohnr\u00e4ume, die begeistern. Als Ihr Partner f\u00fcr hochwertige<br \/>Bodenbel\u00e4ge und stilvolle Innendekoration in der Ostschweiz setzen wir Ihre Wohntr\u00e4ume<br \/>mit Leidenschaft, Fachkompetenz und einem feinen Gesp\u00fcr f\u00fcr Stil um. Wir schaffen<br \/>Interieurs, die nicht nur sch\u00f6n aussehen, sondern sich auch ganz nach Ihnen anf\u00fchlen.<\/p>\t\t\t\t\t\t\t\t<\/div>\n\t\t\t\t<div class=\"elementor-element elementor-element-e78b4cb elementor-align-center elementor-widget elementor-widget-button\" data-id=\"e78b4cb\" data-element_type=\"widget\" data-e-type=\"widget\" data-widget_type=\"button.default\">\n\t\t\t\t\t\t\t\t\t\t<a class=\"elementor-button elementor-button-link elementor-size-sm\" href=\"https:\/\/baertsch-soehne.ch\/index.php\/boden\/\">\n\t\t\t\t\t\t<span class=\"elementor-button-content-wrapper\">\n\t\t\t\t\t\t\t\t\t<span class=\"elementor-button-text\">Mehr dazu<\/span>\n\t\t\t\t\t<\/span>\n\t\t\t\t\t<\/a>\n\t\t\t\t\t\t\t\t<\/div>\n\t\t\t\t\t<\/div>\n\t\t\t\t<\/div>\n\t\t<div class=\"elementor-element elementor-element-cf6f9f3 e-con-full e-flex magic-button-disabled-no e-con e-parent\" data-id=\"cf6f9f3\" data-element_type=\"container\" data-e-type=\"container\" data-settings=\"{&quot;background_background&quot;:&quot;classic&quot;}\">\n\t\t<div class=\"elementor-element elementor-element-ba6c407 e-flex e-con-boxed magic-button-disabled-no e-con e-child\" data-id=\"ba6c407\" data-element_type=\"container\" data-e-type=\"container\">\n\t\t\t\t\t<div class=\"e-con-inner\">\n\t\t\t\t<div class=\"elementor-element elementor-element-620e660 elementor-widget elementor-widget-heading\" data-id=\"620e660\" data-element_type=\"widget\" data-e-type=\"widget\" data-widget_type=\"heading.default\">\n\t\t\t\t\t<h2 class=\"elementor-heading-title elementor-size-default\">Kompetenzen<\/h2>\t\t\t\t<\/div>\n\t\t\t\t\t<\/div>\n\t\t\t\t<\/div>\n\t\t<div class=\"elementor-element elementor-element-3559ca9 e-con-full e-flex magic-button-disabled-no e-con e-child\" data-id=\"3559ca9\" data-element_type=\"container\" data-e-type=\"container\">\n\t\t<div class=\"elementor-element elementor-element-cbe08e1 e-con-full e-flex magic-button-disabled-no e-con e-child\" data-id=\"cbe08e1\" data-element_type=\"container\" data-e-type=\"container\">\n\t\t\t\t<div class=\"elementor-element elementor-element-9b969c8 elementor-widget elementor-widget-image\" data-id=\"9b969c8\" data-element_type=\"widget\" data-e-type=\"widget\" data-widget_type=\"image.default\">\n\t\t\t\t\t\t\t\t\t\t\t\t\t\t\t\t<a href=\"https:\/\/baertsch-soehne.ch\/index.php\/boden\/\">\n\t\t\t\t\t\t\t<img decoding=\"async\" width=\"200\" height=\"200\" src=\"https:\/\/baertsch-soehne.ch\/wp-content\/uploads\/2025\/12\/Icon-Boden.svg\" class=\"attachment-full size-full wp-image-179\" alt=\"\" \/>\t\t\t\t\t\t\t\t<\/a>\n\t\t\t\t\t\t\t\t\t\t\t\t\t\t\t<\/div>\n\t\t\t\t<div class=\"elementor-element elementor-element-e7f6b45 elementor-widget elementor-widget-heading\" data-id=\"e7f6b45\" data-element_type=\"widget\" data-e-type=\"widget\" data-widget_type=\"heading.default\">\n\t\t\t\t\t<h4 class=\"elementor-heading-title elementor-size-default\"><a href=\"https:\/\/baertsch-soehne.ch\/index.php\/boden\/\">Boden<\/a><\/h4>\t\t\t\t<\/div>\n\t\t\t\t<\/div>\n\t\t<div class=\"elementor-element elementor-element-bcc0c4a e-con-full e-flex magic-button-disabled-no e-con e-child\" data-id=\"bcc0c4a\" data-element_type=\"container\" data-e-type=\"container\">\n\t\t\t\t<div class=\"elementor-element elementor-element-8580926 elementor-widget elementor-widget-image\" data-id=\"8580926\" data-element_type=\"widget\" data-e-type=\"widget\" data-widget_type=\"image.default\">\n\t\t\t\t\t\t\t\t\t\t\t\t\t\t\t\t<a href=\"https:\/\/baertsch-soehne.ch\/index.php\/innendekoration\/\">\n\t\t\t\t\t\t\t<img decoding=\"async\" width=\"150\" height=\"150\" src=\"https:\/\/baertsch-soehne.ch\/wp-content\/uploads\/2025\/12\/Icon-Innendeko.svg\" class=\"attachment-thumbnail size-thumbnail wp-image-178\" alt=\"\" \/>\t\t\t\t\t\t\t\t<\/a>\n\t\t\t\t\t\t\t\t\t\t\t\t\t\t\t<\/div>\n\t\t\t\t<div class=\"elementor-element elementor-element-9fb79e8 elementor-widget elementor-widget-heading\" data-id=\"9fb79e8\" data-element_type=\"widget\" data-e-type=\"widget\" data-widget_type=\"heading.default\">\n\t\t\t\t\t<h4 class=\"elementor-heading-title elementor-size-default\"><a href=\"https:\/\/baertsch-soehne.ch\/index.php\/innendekoration\/\">Innendekoration<\/a><\/h4>\t\t\t\t<\/div>\n\t\t\t\t<\/div>\n\t\t<div class=\"elementor-element elementor-element-0c9c282 e-con-full e-flex magic-button-disabled-no e-con e-child\" data-id=\"0c9c282\" data-element_type=\"container\" data-e-type=\"container\">\n\t\t\t\t<div class=\"elementor-element elementor-element-1347cc8 elementor-widget elementor-widget-image\" data-id=\"1347cc8\" data-element_type=\"widget\" data-e-type=\"widget\" data-widget_type=\"image.default\">\n\t\t\t\t\t\t\t\t\t\t\t\t\t\t\t\t<a href=\"https:\/\/baertsch-soehne.ch\/index.php\/boden\/\">\n\t\t\t\t\t\t\t<img loading=\"lazy\" decoding=\"async\" width=\"150\" height=\"150\" src=\"https:\/\/baertsch-soehne.ch\/wp-content\/uploads\/2025\/12\/Icon-Handlauf.svg\" class=\"attachment-thumbnail size-thumbnail wp-image-180\" alt=\"\" \/>\t\t\t\t\t\t\t\t<\/a>\n\t\t\t\t\t\t\t\t\t\t\t\t\t\t\t<\/div>\n\t\t\t\t<div class=\"elementor-element elementor-element-ed249ee elementor-widget elementor-widget-heading\" data-id=\"ed249ee\" data-element_type=\"widget\" data-e-type=\"widget\" data-widget_type=\"heading.default\">\n\t\t\t\t\t<h4 class=\"elementor-heading-title elementor-size-default\"><a href=\"https:\/\/baertsch-soehne.ch\/index.php\/boden\/\">Handlauf<\/a><\/h4>\t\t\t\t<\/div>\n\t\t\t\t<\/div>\n\t\t\t\t<\/div>\n\t\t<div class=\"elementor-element elementor-element-dcd9d8e e-con-full e-flex magic-button-disabled-no e-con e-child\" data-id=\"dcd9d8e\" data-element_type=\"container\" data-e-type=\"container\">\n\t\t<div class=\"elementor-element elementor-element-f69aee1 e-con-full e-flex magic-button-disabled-no e-con e-child\" data-id=\"f69aee1\" data-element_type=\"container\" data-e-type=\"container\">\n\t\t\t\t<div class=\"elementor-element elementor-element-ab7f4ea elementor-widget elementor-widget-image\" data-id=\"ab7f4ea\" data-element_type=\"widget\" data-e-type=\"widget\" data-widget_type=\"image.default\">\n\t\t\t\t\t\t\t\t\t\t\t\t\t\t\t<img loading=\"lazy\" decoding=\"async\" width=\"768\" height=\"512\" src=\"https:\/\/baertsch-soehne.ch\/wp-content\/uploads\/2026\/03\/ff_190--768x512.jpg\" class=\"attachment-medium_large size-medium_large wp-image-1279\" alt=\"\" srcset=\"https:\/\/baertsch-soehne.ch\/wp-content\/uploads\/2026\/03\/ff_190--768x512.jpg 768w, https:\/\/baertsch-soehne.ch\/wp-content\/uploads\/2026\/03\/ff_190--300x200.jpg 300w, https:\/\/baertsch-soehne.ch\/wp-content\/uploads\/2026\/03\/ff_190--1024x683.jpg 1024w, https:\/\/baertsch-soehne.ch\/wp-content\/uploads\/2026\/03\/ff_190--1536x1024.jpg 1536w, https:\/\/baertsch-soehne.ch\/wp-content\/uploads\/2026\/03\/ff_190--2048x1365.jpg 2048w\" sizes=\"(max-width: 768px) 100vw, 768px\" \/>\t\t\t\t\t\t\t\t\t\t\t\t\t\t\t<\/div>\n\t\t\t\t<\/div>\n\t\t<div class=\"elementor-element elementor-element-81abb72 e-con-full e-flex magic-button-disabled-no e-con e-child\" data-id=\"81abb72\" data-element_type=\"container\" data-e-type=\"container\">\n\t\t\t\t<div class=\"elementor-element elementor-element-864da4a elementor-widget elementor-widget-heading\" data-id=\"864da4a\" data-element_type=\"widget\" data-e-type=\"widget\" data-widget_type=\"heading.default\">\n\t\t\t\t\t<h2 class=\"elementor-heading-title elementor-size-default\">GEMEINSAM <br>\nGEWACHSEN<\/h2>\t\t\t\t<\/div>\n\t\t\t\t<div class=\"elementor-element elementor-element-6ffb8b7 elementor-widget elementor-widget-heading\" data-id=\"6ffb8b7\" data-element_type=\"widget\" data-e-type=\"widget\" data-widget_type=\"heading.default\">\n\t\t\t\t\t<h5 class=\"elementor-heading-title elementor-size-default\">Unser Familienunternehmen und <br>\nseine tiefe Verbundenheit zur Region<\/h5>\t\t\t\t<\/div>\n\t\t\t\t<div class=\"elementor-element elementor-element-931b92f elementor-widget elementor-widget-button\" data-id=\"931b92f\" data-element_type=\"widget\" data-e-type=\"widget\" data-widget_type=\"button.default\">\n\t\t\t\t\t\t\t\t\t\t<a class=\"elementor-button elementor-button-link elementor-size-sm\" href=\"https:\/\/baertsch-soehne.ch\/index.php\/ueber-uns\/\">\n\t\t\t\t\t\t<span class=\"elementor-button-content-wrapper\">\n\t\t\t\t\t\t\t\t\t<span class=\"elementor-button-text\">\u00dcber uns<\/span>\n\t\t\t\t\t<\/span>\n\t\t\t\t\t<\/a>\n\t\t\t\t\t\t\t\t<\/div>\n\t\t\t\t<\/div>\n\t\t\t\t<\/div>\n\t\t\t\t<\/div>\n\t\t<div class=\"elementor-element elementor-element-976edb2 e-flex e-con-boxed magic-button-disabled-no e-con e-parent\" data-id=\"976edb2\" data-element_type=\"container\" data-e-type=\"container\" data-settings=\"{&quot;background_background&quot;:&quot;classic&quot;}\">\n\t\t\t\t\t<div class=\"e-con-inner\">\n\t\t\t\t<div class=\"elementor-element elementor-element-76df0dd elementor-widget elementor-widget-heading\" data-id=\"76df0dd\" data-element_type=\"widget\" data-e-type=\"widget\" data-widget_type=\"heading.default\">\n\t\t\t\t\t<h2 class=\"elementor-heading-title elementor-size-default\">WIR FREUEN UNS AUF IHR PROJEKT!<\/h2>\t\t\t\t<\/div>\n\t\t\t\t<div class=\"elementor-element elementor-element-f2d531e elementor-widget elementor-widget-text-editor\" data-id=\"f2d531e\" data-element_type=\"widget\" data-e-type=\"widget\" data-widget_type=\"text-editor.default\">\n\t\t\t\t\t\t\t\t\t<p>Ob B\u00f6den, W\u00e4nde oder komplette Raumkonzepte \u2013 wir finden die passende L\u00f6sung und setzen sie mit Erfahrung, Qualit\u00e4t und Leidenschaft um.<\/p>\t\t\t\t\t\t\t\t<\/div>\n\t\t\t\t\t<\/div>\n\t\t\t\t<\/div>\n\t\t\t\t<\/div>\n\t\t","protected":false},"excerpt":{"rendered":"<p>BODENBEL\u00c4GE &amp; INNENDEKORATION NACHHALTIG &amp; STILVOLL. Gemeinsam gestalten wir Wohnr\u00e4ume, die begeistern. Als Ihr Partner f\u00fcr hochwertigeBodenbel\u00e4ge und stilvolle Innendekoration in der Ostschweiz setzen wir Ihre Wohntr\u00e4umemit Leidenschaft, Fachkompetenz und einem feinen Gesp\u00fcr f\u00fcr Stil um. Wir schaffenInterieurs, die nicht nur sch\u00f6n aussehen, sondern sich auch ganz nach Ihnen anf\u00fchlen. Mehr dazu Kompetenzen Boden Innendekoration [&hellip;]<\/p>\n","protected":false},"author":1,"featured_media":0,"parent":0,"menu_order":0,"comment_status":"closed","ping_status":"closed","template":"elementor_header_footer","meta":{"footnotes":""},"class_list":["post-17","page","type-page","status-publish","hentry"],"_links":{"self":[{"href":"https:\/\/baertsch-soehne.ch\/index.php\/wp-json\/wp\/v2\/pages\/17","targetHints":{"allow":["GET"]}}],"collection":[{"href":"https:\/\/baertsch-soehne.ch\/index.php\/wp-json\/wp\/v2\/pages"}],"about":[{"href":"https:\/\/baertsch-soehne.ch\/index.php\/wp-json\/wp\/v2\/types\/page"}],"author":[{"embeddable":true,"href":"https:\/\/baertsch-soehne.ch\/index.php\/wp-json\/wp\/v2\/users\/1"}],"replies":[{"embeddable":true,"href":"https:\/\/baertsch-soehne.ch\/index.php\/wp-json\/wp\/v2\/comments?post=17"}],"version-history":[{"count":334,"href":"https:\/\/baertsch-soehne.ch\/index.php\/wp-json\/wp\/v2\/pages\/17\/revisions"}],"predecessor-version":[{"id":1565,"href":"https:\/\/baertsch-soehne.ch\/index.php\/wp-json\/wp\/v2\/pages\/17\/revisions\/1565"}],"wp:attachment":[{"href":"https:\/\/baertsch-soehne.ch\/index.php\/wp-json\/wp\/v2\/media?parent=17"}],"curies":[{"name":"wp","href":"https:\/\/api.w.org\/{rel}","templated":true}]}}